{"id":92,"date":"2025-07-31T13:14:36","date_gmt":"2025-07-31T11:14:36","guid":{"rendered":"http:\/\/localhost\/wordpress\/?page_id=92"},"modified":"2026-01-19T20:08:59","modified_gmt":"2026-01-19T19:08:59","slug":"historia","status":"publish","type":"page","link":"https:\/\/www.cdpamistad.com\/index.php\/historia\/","title":{"rendered":"Historia"},"content":{"rendered":"\n<p>Esta <strong>Sociedad Deportiva y Recreativa<\/strong> tiene sus or\u00edgenes en el <strong>a\u00f1o 1972<\/strong>. En aquel entonces un grupo de j\u00f3venes de Puerto del Rosario, ayudados por el p\u00e1rroco de nuestra capital, <strong>D. Manuel S\u00e1nchez, \u201cel Cura\u201d,<\/strong> como se le conoc\u00eda deciden emprender una serie de actividades culturales, recreativas y deportivas adquiriendo el local que hoy es nuestra <strong>Sede Social, calle Fern\u00e1ndez Casta\u00f1eyra 29, <\/strong>&nbsp;y poniendo en marcha aquella iniciativa. <strong>La Pe\u00f1a de la Amistad se llega a convertir en referente social, deportivo-recreativo y l\u00fadico en Puerto del Rosario<\/strong>. Son muchos los ciudadanos de Puerto del Rosario que utilizan ese espacio para infinidad de actividades, incluso de \u00edndole personal (bodas, bautizos, celebraciones de todo tipo, etc.).<\/p>\n\n\n\n<figure class=\"wp-block-image size-large is-resized\"><img fetchpriority=\"high\" decoding=\"async\" width=\"1024\" height=\"341\" src=\"https:\/\/www.cdpamistad.com\/wp-content\/uploads\/2025\/07\/local_pena_amistad-1024x341.jpg\" alt=\"\" class=\"wp-image-131\" style=\"width:1200px;height:auto\" srcset=\"https:\/\/www.cdpamistad.com\/wp-content\/uploads\/2025\/07\/local_pena_amistad-1024x341.jpg 1024w, https:\/\/www.cdpamistad.com\/wp-content\/uploads\/2025\/07\/local_pena_amistad-300x100.jpg 300w, https:\/\/www.cdpamistad.com\/wp-content\/uploads\/2025\/07\/local_pena_amistad-768x256.jpg 768w, https:\/\/www.cdpamistad.com\/wp-content\/uploads\/2025\/07\/local_pena_amistad.jpg 1200w\" sizes=\"(max-width: 1024px) 100vw, 1024px\" \/><figcaption class=\"wp-element-caption\">Fachada principal del Club hacia la calle Fern\u00e1ndez Casta\u00f1eira.<\/figcaption><\/figure>\n\n\n\n<p>Pero si hay algo que, <strong>siempre ha caracterizado a nuestro Club,<\/strong> no es otra que la <strong>actividad deportiva y cultural. <\/strong>Y desde aquel entonces hasta hoy se ha mantenido la actividad deportiva en competici\u00f3n oficial y sobre todo en formaci\u00f3n de j\u00f3venes que den sustento al proyecto.<\/p>\n\n\n\n<figure class=\"wp-block-gallery has-nested-images columns-default is-cropped wp-block-gallery-1 is-layout-flex wp-block-gallery-is-layout-flex\">\n<figure class=\"wp-block-image size-full\"><img decoding=\"async\" width=\"640\" height=\"480\" data-id=\"397\" src=\"https:\/\/www.cdpamistad.com\/wp-content\/uploads\/2025\/08\/IMG_2806.jpg\" alt=\"\" class=\"wp-image-397\" srcset=\"https:\/\/www.cdpamistad.com\/wp-content\/uploads\/2025\/08\/IMG_2806.jpg 640w, https:\/\/www.cdpamistad.com\/wp-content\/uploads\/2025\/08\/IMG_2806-300x225.jpg 300w\" sizes=\"(max-width: 640px) 100vw, 640px\" \/><figcaption class=\"wp-element-caption\">Uno de los mejores equipos de nuestra corta historia<\/figcaption><\/figure>\n\n\n\n<figure class=\"wp-block-image size-full\"><img decoding=\"async\" width=\"1920\" height=\"1280\" data-id=\"427\" src=\"https:\/\/www.cdpamistad.com\/wp-content\/uploads\/2025\/08\/IMG_8887.jpg\" alt=\"\" class=\"wp-image-427\" srcset=\"https:\/\/www.cdpamistad.com\/wp-content\/uploads\/2025\/08\/IMG_8887.jpg 1920w, https:\/\/www.cdpamistad.com\/wp-content\/uploads\/2025\/08\/IMG_8887-300x200.jpg 300w, https:\/\/www.cdpamistad.com\/wp-content\/uploads\/2025\/08\/IMG_8887-1024x683.jpg 1024w, https:\/\/www.cdpamistad.com\/wp-content\/uploads\/2025\/08\/IMG_8887-768x512.jpg 768w, https:\/\/www.cdpamistad.com\/wp-content\/uploads\/2025\/08\/IMG_8887-1536x1024.jpg 1536w\" sizes=\"(max-width: 1920px) 100vw, 1920px\" \/><figcaption class=\"wp-element-caption\">Bal\u00f3n y Trofeo de la Final Copa Manolo Santana.<\/figcaption><\/figure>\n<\/figure>\n\n\n\n<p>En la actualidad, en la <strong>modalidad de F\u00fatbol y en Competici\u00f3n Oficial<\/strong> con <strong>(10) Equipos: 1 Tercera Divisi\u00f3n Nacional Femenino, en la Liga, Grupo 6, Canarias; 1 Femenino de Primera&nbsp; Territorial, Liga Interinsular, Fuerteventura-Lanzarote; 2 Cadetes A y B; 2 Infantiles A y B; 2 Alevines A y B; 1 Benjamines A y 1 Prebenjamines y un n\u00famero importante de jugadores en las Escuelitas de nuestro Club.<\/strong><\/p>\n\n\n\n<div class=\"wp-block-media-text is-stacked-on-mobile\" style=\"grid-template-columns:45% auto\"><figure class=\"wp-block-media-text__media\"><img loading=\"lazy\" decoding=\"async\" width=\"800\" height=\"794\" src=\"https:\/\/www.cdpamistad.com\/wp-content\/uploads\/2025\/07\/inscripciones_2025.jpg\" alt=\"\" class=\"wp-image-206 size-full\" srcset=\"https:\/\/www.cdpamistad.com\/wp-content\/uploads\/2025\/07\/inscripciones_2025.jpg 800w, https:\/\/www.cdpamistad.com\/wp-content\/uploads\/2025\/07\/inscripciones_2025-300x298.jpg 300w, https:\/\/www.cdpamistad.com\/wp-content\/uploads\/2025\/07\/inscripciones_2025-150x150.jpg 150w, https:\/\/www.cdpamistad.com\/wp-content\/uploads\/2025\/07\/inscripciones_2025-768x762.jpg 768w\" sizes=\"(max-width: 800px) 100vw, 800px\" \/><\/figure><div class=\"wp-block-media-text__content\">\n<figure class=\"wp-block-image size-large is-resized\"><img loading=\"lazy\" decoding=\"async\" width=\"1024\" height=\"683\" src=\"https:\/\/www.cdpamistad.com\/wp-content\/uploads\/2025\/08\/IMG_9036-1024x683.jpg\" alt=\"\" class=\"wp-image-429\" style=\"width:528px;height:auto\" srcset=\"https:\/\/www.cdpamistad.com\/wp-content\/uploads\/2025\/08\/IMG_9036-1024x683.jpg 1024w, https:\/\/www.cdpamistad.com\/wp-content\/uploads\/2025\/08\/IMG_9036-300x200.jpg 300w, https:\/\/www.cdpamistad.com\/wp-content\/uploads\/2025\/08\/IMG_9036-768x512.jpg 768w, https:\/\/www.cdpamistad.com\/wp-content\/uploads\/2025\/08\/IMG_9036-1536x1024.jpg 1536w, https:\/\/www.cdpamistad.com\/wp-content\/uploads\/2025\/08\/IMG_9036.jpg 1920w\" sizes=\"(max-width: 1024px) 100vw, 1024px\" \/><\/figure>\n\n\n\n<p>Disputando una Final Regional de Copa. In\u00e9dito en la historia del Club.<\/p>\n<\/div><\/div>\n\n\n\n<p>Independientemente y formando jugadores mantenemos de siempre, Las <strong>Escuelas Deportivas, o sea, para ni\u00f1as\/os de 3 a 6 a\u00f1os<\/strong>, en continua formaci\u00f3n, trabajando con un n\u00famero importante de <strong>Monitores Deportivos<\/strong>, todos ellos con la formaci\u00f3n necesaria cara al trabajo que realizan y, bajo la premisa, que nuestro propio nombre indica <strong>\u201cLA AMISTAD\u201d.<\/strong><\/p>\n\n\n\n<p>Pero la labor de nuestro Club no queda solo, en la modalidad de f\u00fatbol, <strong>nuestra principal actividad, sin lugar a duda<\/strong>. Trabajamos durante todo el a\u00f1o en <strong>Organizar Torneos, ya sean de F\u00fatbol, de Tenis de Mesa, del Juego del Garrote y del Palo Canario, F\u00fatbol-Tenis, etc.<\/strong><\/p>\n\n\n\n<figure class=\"wp-block-gallery has-nested-images columns-default is-cropped wp-block-gallery-2 is-layout-flex wp-block-gallery-is-layout-flex\">\n<figure class=\"wp-block-image size-full\"><img loading=\"lazy\" decoding=\"async\" width=\"600\" height=\"480\" data-id=\"459\" src=\"https:\/\/www.cdpamistad.com\/wp-content\/uploads\/2025\/09\/1faa20c9-4a92-4707-9eb5-0d3d2ac76680-e1757065579190.jpg\" alt=\"\" class=\"wp-image-459\"\/><\/figure>\n\n\n\n<figure class=\"wp-block-image size-full\"><img loading=\"lazy\" decoding=\"async\" width=\"600\" height=\"450\" data-id=\"458\" src=\"https:\/\/www.cdpamistad.com\/wp-content\/uploads\/2025\/09\/8bcc1b1c-bee9-4c74-bc8a-594c7268497d-e1757065516432.jpg\" alt=\"\" class=\"wp-image-458\"\/><\/figure>\n<\/figure>\n\n\n\n<p>Trabajamos la formaci\u00f3n en <strong>Valores,<\/strong> ya comentaba nuestra premisa <strong>\u201cLa Amistad\u201d; <\/strong>en <strong>H\u00e1bitos Alimenticios<\/strong>; en la Divulgaci\u00f3n de nuestros <strong>Deportes Aut\u00f3ctonos<\/strong>; en formar<strong> Deportistas con Arraigo<\/strong>; en fomentar el <strong>Deporte Femenino<\/strong>, etc., etc.<\/p>\n\n\n\n<p><strong>Nuestra labor Cultural va m\u00e1s all\u00e1. incluso con Convenios con el Excmo. Ayuntamiento de Puerto del Rosario, para exposiciones en nuestra Sede; con la Delegaci\u00f3n de F\u00fatbol de Fuerteventura para encuentros o charlas con deportistas; con otras Federaciones o Delegaciones o Entidades Privadas para charlas en igual sentido y todo con que redunde y forme a nuestros deportistas y socios; con la Escuela Canaria de Entrenadores de F\u00fatbol para cursos de Formaci\u00f3n o Actualizaci\u00f3n de Entrenadores o Deportistas; etc.<\/strong><\/p>\n\n\n\n<p>Terminar diciendo que nuestro <strong>Club PE\u00d1A DE LA AMISTAD<\/strong>, organiza para <strong>Socios<\/strong> y tambi\u00e9n para <strong>Ciudadanos en general<\/strong>, actividades con motivo de efem\u00e9rides importantes: <strong>D\u00eda de Canarias, Fiestas del Rosario, D\u00eda del Socio, Clausura de Temporada, etc., etc.<\/strong><\/p>\n\n\n\n<p>Movemos, por \u00faltimo, a m\u00e1s de <strong>CUATROCIENTOS DEPORTISTAS<\/strong> y a un sinf\u00edn de personas en <strong>Puerto del Rosario y sus pueblos<\/strong>, gracias a los cuales, seguimos existiendo, cosa que cada d\u00eda, y no podemos evitarlo, se nos hace m\u00e1s dif\u00edcil, <strong>econ\u00f3micamente, organizativamente y en espacio de atenci\u00f3n al deportista.<\/strong><\/p>\n","protected":false},"excerpt":{"rendered":"<p>Esta Sociedad Deportiva y Recreativa tiene sus or\u00edgenes en el a\u00f1o 1972. En aquel entonces un grupo de j\u00f3venes de Puerto del Rosario, ayudados por el p\u00e1rroco de nuestra capital, D. Manuel S\u00e1nchez, \u201cel Cura\u201d, como se le conoc\u00eda deciden emprender una serie de actividades culturales, recreativas y deportivas adquiriendo el local que hoy es [&hellip;]<\/p>\n","protected":false},"author":1,"featured_media":0,"parent":0,"menu_order":0,"comment_status":"closed","ping_status":"closed","template":"","meta":{"site-sidebar-layout":"default","site-content-layout":"","ast-site-content-layout":"default","site-content-style":"default","site-sidebar-style":"default","ast-global-header-display":"","ast-banner-title-visibility":"","ast-main-header-display":"","ast-hfb-above-header-display":"","ast-hfb-below-header-display":"","ast-hfb-mobile-header-display":"","site-post-title":"","ast-breadcrumbs-content":"","ast-featured-img":"","footer-sml-layout":"","ast-disable-related-posts":"","theme-transparent-header-meta":"","adv-header-id-meta":"","stick-header-meta":"","header-above-stick-meta":"","header-main-stick-meta":"","header-below-stick-meta":"","astra-migrate-meta-layouts":"default","ast-page-background-enabled":"default","ast-page-background-meta":{"desktop":{"background-color":"var(--ast-global-color-5)","background-image":"","background-repeat":"repeat","background-position":"center center","background-size":"auto","background-attachment":"scroll","background-type":"","background-media":"","overlay-type":"","overlay-color":"","overlay-opacity":"","overlay-gradient":""},"tablet":{"background-color":"","background-image":"","background-repeat":"repeat","background-position":"center center","background-size":"auto","background-attachment":"scroll","background-type":"","background-media":"","overlay-type":"","overlay-color":"","overlay-opacity":"","overlay-gradient":""},"mobile":{"background-color":"","background-image":"","background-repeat":"repeat","background-position":"center center","background-size":"auto","background-attachment":"scroll","background-type":"","background-media":"","overlay-type":"","overlay-color":"","overlay-opacity":"","overlay-gradient":""}},"ast-content-background-meta":{"desktop":{"background-color":"var(--ast-global-color-4)","background-image":"","background-repeat":"repeat","background-position":"center center","background-size":"auto","background-attachment":"scroll","background-type":"","background-media":"","overlay-type":"","overlay-color":"","overlay-opacity":"","overlay-gradient":""},"tablet":{"background-color":"var(--ast-global-color-4)","background-image":"","background-repeat":"repeat","background-position":"center center","background-size":"auto","background-attachment":"scroll","background-type":"","background-media":"","overlay-type":"","overlay-color":"","overlay-opacity":"","overlay-gradient":""},"mobile":{"background-color":"var(--ast-global-color-4)","background-image":"","background-repeat":"repeat","background-position":"center center","background-size":"auto","background-attachment":"scroll","background-type":"","background-media":"","overlay-type":"","overlay-color":"","overlay-opacity":"","overlay-gradient":""}},"footnotes":""},"class_list":["post-92","page","type-page","status-publish","hentry"],"_links":{"self":[{"href":"https:\/\/www.cdpamistad.com\/index.php\/wp-json\/wp\/v2\/pages\/92","targetHints":{"allow":["GET"]}}],"collection":[{"href":"https:\/\/www.cdpamistad.com\/index.php\/wp-json\/wp\/v2\/pages"}],"about":[{"href":"https:\/\/www.cdpamistad.com\/index.php\/wp-json\/wp\/v2\/types\/page"}],"author":[{"embeddable":true,"href":"https:\/\/www.cdpamistad.com\/index.php\/wp-json\/wp\/v2\/users\/1"}],"replies":[{"embeddable":true,"href":"https:\/\/www.cdpamistad.com\/index.php\/wp-json\/wp\/v2\/comments?post=92"}],"version-history":[{"count":12,"href":"https:\/\/www.cdpamistad.com\/index.php\/wp-json\/wp\/v2\/pages\/92\/revisions"}],"predecessor-version":[{"id":686,"href":"https:\/\/www.cdpamistad.com\/index.php\/wp-json\/wp\/v2\/pages\/92\/revisions\/686"}],"wp:attachment":[{"href":"https:\/\/www.cdpamistad.com\/index.php\/wp-json\/wp\/v2\/media?parent=92"}],"curies":[{"name":"wp","href":"https:\/\/api.w.org\/{rel}","templated":true}]}}