{"id":138,"date":"2025-07-31T15:20:11","date_gmt":"2025-07-31T13:20:11","guid":{"rendered":"http:\/\/localhost\/wordpress\/?page_id=138"},"modified":"2025-07-31T15:20:11","modified_gmt":"2025-07-31T13:20:11","slug":"politica-de-privacidad","status":"publish","type":"page","link":"https:\/\/www.cdpamistad.com\/index.php\/politica-de-privacidad\/","title":{"rendered":"Pol\u00edtica de privacidad"},"content":{"rendered":"\n<p><strong>POL\u00cdTICA DE PRIVACIDAD<\/strong><\/p>\n\n\n\n<p>Recuerde que antes de comenzar a utilizar cualquiera de los servicios o funcionalidades del CLUB DEPORTIVO PE\u00d1A DE LA AMISTAD, (a partir de ahora, la WEB) deber\u00e1 leer esta Pol\u00edtica de Privacidad y Cookies, as\u00ed como las Condiciones Generales de Uso. En dicha secci\u00f3n podr\u00e1 comprobar, de la existencia de alguna condici\u00f3n de uso particular o el tratamiento espec\u00edfico de alguno de sus Datos de Car\u00e1cter Personal.<\/p>\n\n\n\n<hr class=\"wp-block-separator has-alpha-channel-opacity\"\/>\n\n\n\n<p><strong>AVISO LEGAL<\/strong><\/p>\n\n\n\n<p><strong>IDENTIFICACI\u00d3N DEL TITULAR DE LA WEB.<\/strong><\/p>\n\n\n\n<p>En cumplimiento de lo dispuesto en el art\u00edculo 10 de la Ley 34\/2002, de 11 de julio, de servicios de la sociedad de la informaci\u00f3n y de comercio electr\u00f3nico, usted se encuentra en la web del CLUB DEPORTIVO PE\u00d1A DE LA AMISTAD, CIF G35229988, titular del sitio web <a href=\"http:\/\/www.uniontetir.com\/\">www. cdpamistad.com<\/a> que est\u00e1 inscrita en el Registro de Entidades Deportivas con el n\u00famero 781-691\/89 A, y tiene domicilio social en Calle Fern\u00e1ndez Casta\u00f1eya, 29, 35600, Puerto del Rosario (Fuerteventura).<\/p>\n\n\n\n<p>Asimismo, se informa que el Aviso Legal, Pol\u00edtica de Cookies, y Pol\u00edtica de Privacidad pueden ser modificadas en todo o parte por su titular, por lo que se recomienda una revisi\u00f3n peri\u00f3dica de las mismas.<\/p>\n\n\n\n<p>Si tiene alguna cuesti\u00f3n, puede comunicarse con nosotros, remitiendo un correo electr\u00f3nico info@uniontetir.com o llamando al tel\u00e9fono 647473511<\/p>\n\n\n\n<hr class=\"wp-block-separator has-alpha-channel-opacity\"\/>\n\n\n\n<p><strong>PROCESAMIENTO DE DATOS PERSONALES, FINALIDAD DEL TRATAMIENTO Y CONSENTIMIENTO PARA LA CESI\u00d3N DE DATOS<\/strong>.<\/p>\n\n\n\n<p>Desde la web se garantiza el grado de protecci\u00f3n adecuado, adopt\u00e1ndose las medidas t\u00e9cnicas y organizativas necesarias para garantizar la seguridad y que legalmente resulten necesarias con el objeto de evitar su p\u00e9rdida, deterioro, extrav\u00edo o el acceso a terceros no autorizados de los datos de car\u00e1cter personal que se recaban aqu\u00ed. Para ello, aplicamos medidas de seguridad dise\u00f1adas a proteger tus datos, como HTTPS. Controlamos peri\u00f3dicamente nuestros sistemas para detectar posibles vulnerabilidades y ataques. No obstante, no podemos garantizar la seguridad de la informaci\u00f3n que nos env\u00edes. No hay ninguna garant\u00eda de que no se pueda acceder, divulgar, alterar o destruir los datos si se produce una filtraci\u00f3n en alguna de nuestras medidas de seguridad f\u00edsicas, t\u00e9cnicas o de gesti\u00f3n.<\/p>\n\n\n\n<p>Usted, como usuario de la web, debe conocer que para un efectivo cumplimiento de los servicios que m\u00e1s adelante se van a detallar, no se le solicitar\u00e1 informaci\u00f3n personal a menos que realmente sea necesaria para prestarte los servicios ofrecidos aqu\u00ed. Adem\u00e1s, garantizamos que nunca vamos a compartir su informaci\u00f3n personal con nadie, excepto para cumplir con la ley o en caso de que contemos con su autorizaci\u00f3n expresa. Tampoco utilizaremos tus datos personales con una finalidad diferente a la expresada en esta pol\u00edtica de privacidad.<\/p>\n\n\n\n<p>La base legal para el tratamiento de sus datos est\u00e1 fundada en la obtenci\u00f3n de su consentimiento, de acuerdo con el art\u00edculo 6.1.a del Reglamento (UE) 679\/2016. No obstante, el usuario tiene que conocer la existencia del derecho a retirar el consentimiento en cualquier momento, sin que ello afecte a la licitud del tratamiento basado en el consentimiento previo a su retirada. La web, no realiza cesiones de datos a terceras personas, ni transferencias internacionales que no sean aquellas permitidas por la Agencia Espa\u00f1ola de Protecci\u00f3n de Datos o siempre y cuando est\u00e9n consentidas expresamente por el usuario. Por lo tanto, todas aquellas cesiones de datos que se efect\u00faen se har\u00e1n bajo el marco de protecci\u00f3n indicado por la Agencia Espa\u00f1ola de Protecci\u00f3n de Datos, o siempre y cuando est\u00e9n consentidas expresamente por el usuario y a los pa\u00edses cuya seguridad y confidencialidad est\u00e9 garantizada. Se ceder\u00e1n, \u00fanicamente, los datos que sean necesarios y obligatorias a nivel federativo para los tr\u00e1mites de afiliaci\u00f3n a la Federaci\u00f3n Interinsular de F\u00fatbol de Las Palmas, organismo dependiente de la Real Federaci\u00f3n Espa\u00f1ola de Futbol.<\/p>\n\n\n\n<hr class=\"wp-block-separator has-alpha-channel-opacity\"\/>\n\n\n\n<p><strong>RECOPILACI\u00d3N DE LOS DATOS Y DURACI\u00d3N DE LA CONSERVACI\u00d3N<\/strong><\/p>\n\n\n\n<p>La captura de los datos en la web se realiza a trav\u00e9s de:<\/p>\n\n\n\n<ul class=\"wp-block-list\">\n<li>Formularios de contacto y de inscripci\u00f3n de jugadores.<\/li>\n<\/ul>\n\n\n\n<p>Por defecto, los datos personales ser\u00e1n guardados:<\/p>\n\n\n\n<ul class=\"wp-block-list\">\n<li>Hasta que ejercite su derecho de supresi\u00f3n.<\/li>\n<\/ul>\n\n\n\n<p>No obstante, existe la posibilidad de que conservemos tus datos personales si es razonablemente necesario para cumplir con nuestras obligaciones legales (incluidas las peticiones de las fuerzas del orden, Agencia Tributaria o SEPBLAC), reunir los requisitos reglamentarios, resolver disputas, mantener la seguridad, evitar casos de fraude y abuso, aplicar nuestras condiciones de uso o cumplir tu solicitud de darte de baja de futuros mensajes que recibas del CD PE\u00d1A DE LA AMISTAD.<\/p>\n\n\n\n<p>El Usuario por la presente garantiza que los Datos Personales proporcionados son ciertos y exactos y se compromete a notificar cualquier cambio o modificaci\u00f3n de los mismos. En el caso de que se aporten Datos Personales de terceros, el Usuario se responsabiliza de haber informado y haber obtenido el consentimiento de estos para ser aportados con las finalidades indicadas en los apartados correspondientes de la presente Pol\u00edtica de Privacidad y Cookies.<\/p>\n\n\n\n<p>Cualquier p\u00e9rdida o da\u00f1o causado a la p\u00e1gina web o al responsable del portal web o a cualquier tercero mediante la comunicaci\u00f3n de informaci\u00f3n err\u00f3nea, inexacta o incompleta en los formularios de registro ser\u00e1 responsabilidad exclusiva del Usuario.<\/p>\n\n\n\n<hr class=\"wp-block-separator has-alpha-channel-opacity\"\/>\n\n\n\n<p><strong>FINALIDADES DEL TRATAMIENTO<\/strong><\/p>\n\n\n\n<figure class=\"wp-block-table\"><table class=\"has-fixed-layout\"><tbody><tr><td><strong>D\u00d3NDE RECABAMOS LOS DATOS<\/strong><\/td><td><strong>DATOS QUE SE RECOPILAN<\/strong><\/td><td><strong>FINALIDAD Y BASE JUR\u00cdDICA<\/strong><\/td><\/tr><tr><td>Formulario de contacto e inscripci\u00f3n de jugadores<\/td><td>Datos personales, de domicilio y de contacto. En caso de menores, el mismo tipo de datos del tutor o tutores.<\/td><td>Datos necesarios e imprescindibles para afiliar y federar a los deportistas en la Federaci\u00f3n Interinsular de F\u00fatbol de Las Palmas y facilitar informaci\u00f3n de algunos de los servicios que ofrecemos. La base jur\u00eddica para su tratamiento es el 6.1.a RGPD<\/td><\/tr><\/tbody><\/table><\/figure>\n\n\n\n<p>Adem\u00e1s, en cada formulario podremos enviarte informaci\u00f3n relacionada con nuestra web o de cualquiera perteneciente al grupo, siempre y cuando aceptes expresamente marcando la casilla correspondiente.<\/p>\n\n\n\n<hr class=\"wp-block-separator has-alpha-channel-opacity\"\/>\n\n\n\n<p><strong>CATEGOR\u00cdAS DE LOS DESTINATARIOS DE LOS DATOS PERSONALES<\/strong><\/p>\n\n\n\n<p>Todas las utilidades ofrecidas por terceros son estrictamente necesarias para el desarrollo de los servicios de esta web y han sido seleccionadas atendiendo al cumplimiento de la legalidad vigente.<\/p>\n\n\n\n<p>Trabajamos estrechamente con terceros que puedan ser destinatarios de tus datos personales, por ejemplo:<\/p>\n\n\n\n<ul class=\"wp-block-list\">\n<li>nuestros socios comerciales que son plataformas de redes sociales y que pueden proporcionarte servicios relacionados, tales como la conexi\u00f3n de la informaci\u00f3n de tu perfil, desde sus plataformas de redes sociales a nuestra plataforma. Como es el caso de Facebook, Instagram, YouTube o Twitter.<\/li>\n\n\n\n<li>nuestro servidor de hosting, o de plataforma web.<\/li>\n<\/ul>\n\n\n\n<hr class=\"wp-block-separator has-alpha-channel-opacity\"\/>\n\n\n\n<p><strong>EJERCICIO DE LOS DERECHOS DEL INTERESADO<\/strong><\/p>\n\n\n\n<p>Una vez que, como usuario de la WEB nos ha facilitado sus datos personales, la legislaci\u00f3n vigente le permite como interesado de sus datos:<\/p>\n\n\n\n<ul class=\"wp-block-list\">\n<li>Solicitar el acceso a los datos personales relativos al interesado.<\/li>\n\n\n\n<li>Solicitar su rectificaci\u00f3n o supresi\u00f3n.<\/li>\n\n\n\n<li>Solicitar la limitaci\u00f3n de su tratamiento.<\/li>\n\n\n\n<li>Oponerse al tratamiento.<\/li>\n\n\n\n<li>Solicitar la portabilidad de los datos.<\/li>\n<\/ul>\n\n\n\n<p>Para ejercer cualquiera de los derechos descritos, el interesado tiene que hacer llegar dicha solicitud acompa\u00f1ada de fotocopia del DNI, pasaporte u otro documento v\u00e1lido que identifique al Usuario. Para ello, deber\u00e1 enviar dicha solicitud a la siguiente direcci\u00f3n de correo: cdpamistad@gmail.com<\/p>\n\n\n\n<p>Asimismo, la solicitud deber\u00e1 contener: nombre y apellidos del interesado, fotocopia de su documento nacional de identidad, o de su pasaporte u otro documento v\u00e1lido que lo identifique y, en su caso, de la persona que lo represente, petici\u00f3n en que se concreta la solicitud, direcci\u00f3n a efectos de notificaciones, fecha y firma del solicitante. El ejercicio de los derechos ser\u00e1 gratuito para el interesado excepto cuando las solicitudes sean manifiestamente infundadas o excesivas, especialmente debido a su car\u00e1cter repetitivo. En este caso, el responsable del tratamiento podr\u00e1 cobrar un canon razonable en funci\u00f3n de los costes administrativos o negarse a actuar respecto de la solicitud.<\/p>\n\n\n\n<hr class=\"wp-block-separator has-alpha-channel-opacity\"\/>\n\n\n\n<p><strong>RECLAMACIONES Y EJERCICIO DE DERECHOS<\/strong><\/p>\n\n\n\n<p>Los interesados pueden dirigir sus requerimientos a las Autoridades de protecci\u00f3n de datos, si creen que hay un problema con la forma en que estamos manejando sus datos de car\u00e1cter personal, mediante la llamada tutela de derechos.<\/p>\n\n\n\n<p>Dicho canal de comunicaci\u00f3n podr\u00e1 efectuarse a trav\u00e9s del siguiente enlace de la Agencia Espa\u00f1ola de Protecci\u00f3n de Datos (AEPD):<\/p>\n\n\n\n<figure class=\"wp-block-embed\"><div class=\"wp-block-embed__wrapper\">\nhttps:\/\/sedeagpd.gob.es\/sede-electronica-web\/vistas\/formReclamacionDerechos\/reclamacionDerechos.jsf\n<\/div><\/figure>\n\n\n\n<hr class=\"wp-block-separator has-alpha-channel-opacity\"\/>\n\n\n\n<p><strong>RESPONSABLE DE LOS DATOS<\/strong><\/p>\n\n\n\n<p>El responsable del tratamiento es el CD PE\u00d1A DE LA AMISTAD<strong>, <\/strong>CIF: G35229988, direcci\u00f3n: Calle Fern\u00e1ndez Casta\u00f1eyra, 29, 35600 Puerto del Rosario (Fuerteventura).<\/p>\n\n\n\n<hr class=\"wp-block-separator has-alpha-channel-opacity\"\/>\n\n\n\n<p><strong>COMUNICACIONES Y PROMOCIONES COMERCIALES<\/strong><\/p>\n\n\n\n<p>De acuerdo con la Ley de servicios de la sociedad de la informaci\u00f3n y de comercio electr\u00f3nico, la web no realiza pr\u00e1cticas de SPAM, por lo que no env\u00eda correos comerciales por v\u00eda electr\u00f3nica que no hayan sido previamente solicitados o autorizados por el usuario. En consecuencia, en cada uno de los formularios habidos en la web, el usuario tiene la posibilidad de dar su consentimiento expreso para recibir el bolet\u00edn, con independencia de la informaci\u00f3n comercial puntualmente solicitada.<\/p>\n\n\n\n<p>Conforme a lo dispuesto en la Ley 34\/2002 de Servicios de la Sociedad de la Informaci\u00f3n y de comercio electr\u00f3nico, la web se compromete a no enviar comunicaciones de car\u00e1cter comercial sin identificarlas debidamente.<\/p>\n\n\n\n<hr class=\"wp-block-separator has-alpha-channel-opacity\"\/>\n\n\n\n<p><strong>MENORES DE EDAD<\/strong><\/p>\n\n\n\n<p>Con car\u00e1cter general, la web no tratar\u00e1 informaci\u00f3n personal, con conocimientos fehacientes, de menores de catorce (14) a\u00f1os.<\/p>\n\n\n\n<p>Para el caso de que la web llevando a cabo actividad alguna de control, descubra la recopilaci\u00f3n involuntaria de informaci\u00f3n respecto a menores de 14 a\u00f1os, llevar\u00e1 a cabo todas aquellas medidas necesarias que, como prestador de servicio y responsable de tratamiento, tiene obligaci\u00f3n de emprender y poder as\u00ed suprimir tal informaci\u00f3n, en la mayor brevedad posible, salvo en aquellos supuestos que, por raz\u00f3n de legislaci\u00f3n aplicable, sea necesario conservar.<\/p>\n\n\n\n<p>De conformidad con lo establecido en el Reglamento Europeo de Protecci\u00f3n de Datos, los mayores de 13 a\u00f1os est\u00e1n legitimados para otorgar su consentimiento, excepto en aquellos casos en los que la ley exija para su prestaci\u00f3n la asistencia de los titulares de la patria potestad o tutela.<\/p>\n\n\n\n<hr class=\"wp-block-separator has-alpha-channel-opacity\"\/>\n\n\n\n<p><strong>ACEPTACI\u00d3N Y CONSENTIMIENTO<\/strong><\/p>\n\n\n\n<p>El usuario declara haber sido informado de las condiciones sobre protecci\u00f3n de datos de car\u00e1cter personal, aceptando y consintiendo el tratamiento de los mismos por parte de la web en la forma y para las finalidades indicadas en esta pol\u00edtica de privacidad.<\/p>\n\n\n\n<hr class=\"wp-block-separator has-alpha-channel-opacity\"\/>\n\n\n\n<p><strong>CAMBIOS EN LA POL\u00cdTICA DE PRIVACIDAD<\/strong><\/p>\n\n\n\n<p>La web se reserva el derecho a modificar la presente pol\u00edtica para adaptarla a novedades legislativas o jurisprudenciales, as\u00ed como a pr\u00e1cticas de la industria. En dichos supuestos, el Prestador anunciar\u00e1 en esta p\u00e1gina los cambios introducidos con razonable antelaci\u00f3n a su puesta en pr\u00e1ctica.<\/p>\n\n\n\n<hr class=\"wp-block-separator has-alpha-channel-opacity\"\/>\n\n\n\n<p><strong>POL\u00cdTICA DE COOKIES<\/strong><\/p>\n\n\n\n<p>En la presente web de www. cdpamistad.com se utilizan cookies de terceros, con ello intentamos mejorar su experiencia como usuario y mostrarle as\u00ed, la publicidad adaptada a sus h\u00e1bitos de navegaci\u00f3n.<\/p>\n\n\n\n<p>Si navega a trav\u00e9s de la web propiedad de www.cdpamistad.com, se entiende que usted previamente ha aceptado el uso de las cookies en las condiciones previstas en la presente Pol\u00edtica de Cookies y que a continuaci\u00f3n se detallan. Dado que la misma puede ser actualizada peri\u00f3dicamente, en relaci\u00f3n con nuevas exigencias legislativas, reglamentarias o con la finalidad de adaptar dicha pol\u00edtica a las instrucciones dictadas por la Agencia Espa\u00f1ola de Protecci\u00f3n de Datos, le sugerimos que la revise de forma regular.<\/p>\n\n\n\n<p>Si tiene alguna duda respecto a la Pol\u00edtica de Cookies que a continuaci\u00f3n se detalla, p\u00f3ngase en contacto con: cdpamistad@gmail.com<\/p>\n\n\n\n<p><strong>\u00bfQu\u00e9 son las cookies?<\/strong><\/p>\n\n\n\n<p>Las cookies son peque\u00f1os ficheros de texto, los cuales son insertados de forma autom\u00e1tica en aquellos dispositivos telem\u00e1ticos empleados por el usuario cuando efect\u00faa una visita al sitio web. Estos archivos que se descargan pueden almacenar datos que podr\u00e1n ser actualizados y recuperados por la entidad responsable de su instalaci\u00f3n. Estos archivos permiten conocer, con fines estad\u00edsticos, de mejora del servicio y adaptaci\u00f3n de \u00e9ste a sus preferencias, cu\u00e1l es su comportamiento al navegar por www.uniontetir.com. Las cookies se asocian \u00fanicamente a su navegador y no proporcionan por s\u00ed mismas datos personales. Las cookies no pueden da\u00f1ar su dispositivo y adem\u00e1s son muy \u00fatiles, ya que ayudan a identificar y resolver errores.<\/p>\n\n\n\n<p><strong>COOKIES DE TERCEROS<\/strong><\/p>\n\n\n\n<p><strong>YOUTUBE<\/strong><\/p>\n\n\n\n<p>En esta p\u00e1gina web tenemos incrustados v\u00eddeos de YouTube para poder mostrarte nuestras competiciones y eventos deportivos. Esto genera una serie de cookies tales como control de las visitas, n\u00famero de reproducciones y dem\u00e1s. Para m\u00e1s informaci\u00f3n, visita la pol\u00edtica de privacidad de www.youtube.com<\/p>\n\n\n\n<p><strong>ACEPTACI\u00d3N DE LA POL\u00cdTICA DE COOKIES<\/strong><\/p>\n\n\n\n<p>Con el inicio de sesi\u00f3n en www.cdpamistad.com el Usuario recibe informaci\u00f3n sobre el uso y pol\u00edtica de cookies mediante un \u201cbanner\u201d situado en la parte inferior de la p\u00e1gina web. Ante esta informaci\u00f3n el Usuario puede realizar las siguientes acciones:<\/p>\n\n\n\n<ol class=\"wp-block-list\">\n<li>Aceptar. No se volver\u00e1 a visualizar este aviso al acceder a cualquier p\u00e1gina del portal durante la presente sesi\u00f3n. Esto implicar\u00e1 que el Usuario presta su consentimiento expreso e inequ\u00edvoco a la utilizaci\u00f3n de cookies, en los t\u00e9rminos y condiciones previstos en esta Pol\u00edtica.<\/li>\n\n\n\n<li>Cerrar. Se oculta el aviso en la presente p\u00e1gina, pero al acceder a cualquier otra p\u00e1gina del portal se volver\u00e1 a mostrar el aviso en la parte inferior de la misma.<\/li>\n\n\n\n<li>Rechazar. En caso de que rechace las cookies no podremos asegurarle el correcto funcionamiento de las distintas funcionalidades de nuestra p\u00e1gina web. Las cookies no son indispensables, pero sirven para mejorar su experiencia en nuestro sitio web.<\/li>\n<\/ol>\n\n\n\n<p>Todo ello, sin perjuicio de las medidas de configuraci\u00f3n, desactivaci\u00f3n y eliminaci\u00f3n de las cookies que el Usuario pueda adoptar, y que se mencionan en el apartado siguiente.<\/p>\n\n\n\n<p><strong>\u00bfC\u00d3MO MODIFICAR LA CONFIGURACI\u00d3N DE LAS COOKIES?<\/strong><\/p>\n\n\n\n<p>El Usuario puede restringir, bloquear o borrar las cookies que se utilizan en la web, configurando el navegador a tal efecto. Se recomienda visitar los siguientes enlaces para ampliar la informaci\u00f3n al respecto:<\/p>\n\n\n\n<p><em>Internet Explorer<\/em>: Herramientas -&gt; Opciones de Internet -&gt; Privacidad -&gt; Configuraci\u00f3n.<br>En el men\u00fa de herramientas, seleccione \u2018Opciones de Internet\u2019. Haz clic en la pesta\u00f1a de privacidad. Ver\u00e1 el cursor de desplazamiento para configurar la privacidad que tiene seis posiciones que le permiten controlar la cantidad de cookies que se instalar\u00e1n: Bloquear todas las cookies, Alta, Media Alto, Media (nivel por defecto), Baja, y Aceptar todas las cookies.<br>Para m\u00e1s informaci\u00f3n, puede consultar el soporte de Microsoft o la Ayuda del navegador.<\/p>\n\n\n\n<p><em>Firefox<\/em>: Herramientas -&gt; Opciones -&gt; Privacidad -&gt; Historial -&gt; Configuraci\u00f3n Personalizada.<br>En el men\u00fa de herramientas, seleccione \u2018opciones\u2019. Seleccione la etiqueta de privacidad en el recuadro de opciones. Del men\u00fa desplegable elige \u2018usar configuraci\u00f3n personalizada para el historial\u2019. Esto mostrar\u00e1 las opciones de cookies y podr\u00e1 optar por activarlas o desactivarlas marcando la casilla correspondiente<\/p>\n\n\n\n<p>Para m\u00e1s informaci\u00f3n, puede consultar el soporte de Mozilla o la Ayuda del navegador.<\/p>\n\n\n\n<p><em>Chrome<\/em>: Configuraci\u00f3n -&gt; Mostrar opciones avanzadas -&gt; Privacidad -&gt; Configuraci\u00f3n de contenido.<br>En el men\u00fa de configuraci\u00f3n, seleccione \u2018mostrar configuraci\u00f3n avanzada\u2019 en la parte inferior de la<\/p>\n\n\n\n<p>p\u00e1gina. A continuaci\u00f3n, seleccione la tecla de \u2018configuraci\u00f3n de contenido\u2019 en la secci\u00f3n de privacidad.<br>La secci\u00f3n de la parte superior de la p\u00e1gina que aparece te da informaci\u00f3n sobre las cookies y le permite fijar las cookies que quieres. Tambi\u00e9n le permite borrar cualquier cookie que tenga almacenada en ese momento.<\/p>\n\n\n\n<p>Para m\u00e1s informaci\u00f3n, puede consultar el soporte de Google o la Ayuda del navegador.<\/p>\n\n\n\n<p><em>Safari<\/em>: Preferencias -&gt; Seguridad.<\/p>\n\n\n\n<p>En el men\u00fa de configuraci\u00f3n, selecciona la opci\u00f3n de \u2018preferencias\u2019. Abra la pesta\u00f1a de privacidad. Seleccione la opci\u00f3n que quiera de la secci\u00f3n de \u2018bloquear cookies\u2019. Recuerde que ciertas funciones y la plena funcionalidad de este Sitio pueden no estar disponibles despu\u00e9s de deshabilitar las cookies.<br>Para m\u00e1s informaci\u00f3n, puede consultar el soporte de Apple o la Ayuda del navegador.<\/p>\n","protected":false},"excerpt":{"rendered":"<p>POL\u00cdTICA DE PRIVACIDAD Recuerde que antes de comenzar a utilizar cualquiera de los servicios o funcionalidades del CLUB DEPORTIVO PE\u00d1A DE LA AMISTAD, (a partir de ahora, la WEB) deber\u00e1 leer esta Pol\u00edtica de Privacidad y Cookies, as\u00ed como las Condiciones Generales de Uso. En dicha secci\u00f3n podr\u00e1 comprobar, de la existencia de alguna condici\u00f3n [&hellip;]<\/p>\n","protected":false},"author":1,"featured_media":0,"parent":0,"menu_order":0,"comment_status":"closed","ping_status":"closed","template":"","meta":{"site-sidebar-layout":"default","site-content-layout":"","ast-site-content-layout":"default","site-content-style":"default","site-sidebar-style":"default","ast-global-header-display":"","ast-banner-title-visibility":"","ast-main-header-display":"","ast-hfb-above-header-display":"","ast-hfb-below-header-display":"","ast-hfb-mobile-header-display":"","site-post-title":"","ast-breadcrumbs-content":"","ast-featured-img":"","footer-sml-layout":"","ast-disable-related-posts":"","theme-transparent-header-meta":"","adv-header-id-meta":"","stick-header-meta":"","header-above-stick-meta":"","header-main-stick-meta":"","header-below-stick-meta":"","astra-migrate-meta-layouts":"default","ast-page-background-enabled":"default","ast-page-background-meta":{"desktop":{"background-color":"var(--ast-global-color-5)","background-image":"","background-repeat":"repeat","background-position":"center center","background-size":"auto","background-attachment":"scroll","background-type":"","background-media":"","overlay-type":"","overlay-color":"","overlay-opacity":"","overlay-gradient":""},"tablet":{"background-color":"","background-image":"","background-repeat":"repeat","background-position":"center center","background-size":"auto","background-attachment":"scroll","background-type":"","background-media":"","overlay-type":"","overlay-color":"","overlay-opacity":"","overlay-gradient":""},"mobile":{"background-color":"","background-image":"","background-repeat":"repeat","background-position":"center center","background-size":"auto","background-attachment":"scroll","background-type":"","background-media":"","overlay-type":"","overlay-color":"","overlay-opacity":"","overlay-gradient":""}},"ast-content-background-meta":{"desktop":{"background-color":"var(--ast-global-color-4)","background-image":"","background-repeat":"repeat","background-position":"center center","background-size":"auto","background-attachment":"scroll","background-type":"","background-media":"","overlay-type":"","overlay-color":"","overlay-opacity":"","overlay-gradient":""},"tablet":{"background-color":"var(--ast-global-color-4)","background-image":"","background-repeat":"repeat","background-position":"center center","background-size":"auto","background-attachment":"scroll","background-type":"","background-media":"","overlay-type":"","overlay-color":"","overlay-opacity":"","overlay-gradient":""},"mobile":{"background-color":"var(--ast-global-color-4)","background-image":"","background-repeat":"repeat","background-position":"center center","background-size":"auto","background-attachment":"scroll","background-type":"","background-media":"","overlay-type":"","overlay-color":"","overlay-opacity":"","overlay-gradient":""}},"footnotes":""},"class_list":["post-138","page","type-page","status-publish","hentry"],"_links":{"self":[{"href":"https:\/\/www.cdpamistad.com\/index.php\/wp-json\/wp\/v2\/pages\/138","targetHints":{"allow":["GET"]}}],"collection":[{"href":"https:\/\/www.cdpamistad.com\/index.php\/wp-json\/wp\/v2\/pages"}],"about":[{"href":"https:\/\/www.cdpamistad.com\/index.php\/wp-json\/wp\/v2\/types\/page"}],"author":[{"embeddable":true,"href":"https:\/\/www.cdpamistad.com\/index.php\/wp-json\/wp\/v2\/users\/1"}],"replies":[{"embeddable":true,"href":"https:\/\/www.cdpamistad.com\/index.php\/wp-json\/wp\/v2\/comments?post=138"}],"version-history":[{"count":1,"href":"https:\/\/www.cdpamistad.com\/index.php\/wp-json\/wp\/v2\/pages\/138\/revisions"}],"predecessor-version":[{"id":139,"href":"https:\/\/www.cdpamistad.com\/index.php\/wp-json\/wp\/v2\/pages\/138\/revisions\/139"}],"wp:attachment":[{"href":"https:\/\/www.cdpamistad.com\/index.php\/wp-json\/wp\/v2\/media?parent=138"}],"curies":[{"name":"wp","href":"https:\/\/api.w.org\/{rel}","templated":true}]}}