{"id":130,"date":"2025-07-31T14:59:51","date_gmt":"2025-07-31T12:59:51","guid":{"rendered":"http:\/\/localhost\/wordpress\/?page_id=130"},"modified":"2025-11-19T13:34:15","modified_gmt":"2025-11-19T12:34:15","slug":"contacto","status":"publish","type":"page","link":"https:\/\/www.cdpamistad.com\/index.php\/contacto\/","title":{"rendered":"Contacto"},"content":{"rendered":"\n<figure class=\"wp-block-image size-large is-resized\"><img fetchpriority=\"high\" decoding=\"async\" width=\"1024\" height=\"341\" src=\"https:\/\/www.cdpamistad.com\/wp-content\/uploads\/2025\/07\/local_pena_amistad-1024x341.jpg\" alt=\"\" class=\"wp-image-131\" style=\"width:1200px;height:auto\" srcset=\"https:\/\/www.cdpamistad.com\/wp-content\/uploads\/2025\/07\/local_pena_amistad-1024x341.jpg 1024w, https:\/\/www.cdpamistad.com\/wp-content\/uploads\/2025\/07\/local_pena_amistad-300x100.jpg 300w, https:\/\/www.cdpamistad.com\/wp-content\/uploads\/2025\/07\/local_pena_amistad-768x256.jpg 768w, https:\/\/www.cdpamistad.com\/wp-content\/uploads\/2025\/07\/local_pena_amistad.jpg 1200w\" sizes=\"(max-width: 1024px) 100vw, 1024px\" \/><\/figure>\n\n\n\n<div class=\"wp-block-group is-layout-grid wp-container-core-group-is-layout-b757edec wp-block-group-is-layout-grid\">\n<pre class=\"wp-block-code\"><code><iframe src=\"https:\/\/www.google.com\/maps\/embed?pb=!1m14!1m8!1m3!1d362.6836627062773!2d-13.859785028457642!3d28.49707921624218!3m2!1i1024!2i768!4f13.1!3m3!1m2!1s0xc47c7db9497734d%3A0x760abb866d2bbadf!2sClub%20Deportivo%20Recreativo%20Cultural-Pe%C3%B1a%20de%20la%20amistad!5e1!3m2!1ses!2ses!4v1753966841941!5m2!1ses!2ses\" width=\"600\" height=\"450\" style=\"border:0;\" allowfullscreen=\"\" loading=\"lazy\" referrerpolicy=\"no-referrer-when-downgrade\"><\/iframe><\/code><\/pre>\n\n\n\n<p class=\"wp-container-content-5e2576f9\"><strong>Direcci\u00f3n:<\/strong> C. Fern\u00e1ndez Casta\u00f1eyra, 29, 35600 Puerto del Rosario, Las Palmas.<br><strong>Tel\u00e9fono:<\/strong> 647473511<br><strong>Email:<\/strong> cdpamistad@gmail.com<\/p>\n<\/div>\n\n\n\n<p><\/p>\n\n\n\n<p><\/p>\n\n\n\n<p><\/p>\n","protected":false},"excerpt":{"rendered":"<p>Direcci\u00f3n: C. Fern\u00e1ndez Casta\u00f1eyra, 29, 35600 Puerto del Rosario, Las Palmas.Tel\u00e9fono: 647473511Email: cdpamistad@gmail.com<\/p>\n","protected":false},"author":1,"featured_media":0,"parent":0,"menu_order":0,"comment_status":"closed","ping_status":"closed","template":"","meta":{"site-sidebar-layout":"default","site-content-layout":"","ast-site-content-layout":"default","site-content-style":"default","site-sidebar-style":"default","ast-global-header-display":"","ast-banner-title-visibility":"","ast-main-header-display":"","ast-hfb-above-header-display":"","ast-hfb-below-header-display":"","ast-hfb-mobile-header-display":"","site-post-title":"","ast-breadcrumbs-content":"","ast-featured-img":"","footer-sml-layout":"","ast-disable-related-posts":"","theme-transparent-header-meta":"","adv-header-id-meta":"","stick-header-meta":"","header-above-stick-meta":"","header-main-stick-meta":"","header-below-stick-meta":"","astra-migrate-meta-layouts":"default","ast-page-background-enabled":"default","ast-page-background-meta":{"desktop":{"background-color":"var(--ast-global-color-5)","background-image":"","background-repeat":"repeat","background-position":"center center","background-size":"auto","background-attachment":"scroll","background-type":"","background-media":"","overlay-type":"","overlay-color":"","overlay-opacity":"","overlay-gradient":""},"tablet":{"background-color":"","background-image":"","background-repeat":"repeat","background-position":"center center","background-size":"auto","background-attachment":"scroll","background-type":"","background-media":"","overlay-type":"","overlay-color":"","overlay-opacity":"","overlay-gradient":""},"mobile":{"background-color":"","background-image":"","background-repeat":"repeat","background-position":"center center","background-size":"auto","background-attachment":"scroll","background-type":"","background-media":"","overlay-type":"","overlay-color":"","overlay-opacity":"","overlay-gradient":""}},"ast-content-background-meta":{"desktop":{"background-color":"var(--ast-global-color-4)","background-image":"","background-repeat":"repeat","background-position":"center center","background-size":"auto","background-attachment":"scroll","background-type":"","background-media":"","overlay-type":"","overlay-color":"","overlay-opacity":"","overlay-gradient":""},"tablet":{"background-color":"var(--ast-global-color-4)","background-image":"","background-repeat":"repeat","background-position":"center center","background-size":"auto","background-attachment":"scroll","background-type":"","background-media":"","overlay-type":"","overlay-color":"","overlay-opacity":"","overlay-gradient":""},"mobile":{"background-color":"var(--ast-global-color-4)","background-image":"","background-repeat":"repeat","background-position":"center center","background-size":"auto","background-attachment":"scroll","background-type":"","background-media":"","overlay-type":"","overlay-color":"","overlay-opacity":"","overlay-gradient":""}},"footnotes":""},"class_list":["post-130","page","type-page","status-publish","hentry"],"_links":{"self":[{"href":"https:\/\/www.cdpamistad.com\/index.php\/wp-json\/wp\/v2\/pages\/130","targetHints":{"allow":["GET"]}}],"collection":[{"href":"https:\/\/www.cdpamistad.com\/index.php\/wp-json\/wp\/v2\/pages"}],"about":[{"href":"https:\/\/www.cdpamistad.com\/index.php\/wp-json\/wp\/v2\/types\/page"}],"author":[{"embeddable":true,"href":"https:\/\/www.cdpamistad.com\/index.php\/wp-json\/wp\/v2\/users\/1"}],"replies":[{"embeddable":true,"href":"https:\/\/www.cdpamistad.com\/index.php\/wp-json\/wp\/v2\/comments?post=130"}],"version-history":[{"count":3,"href":"https:\/\/www.cdpamistad.com\/index.php\/wp-json\/wp\/v2\/pages\/130\/revisions"}],"predecessor-version":[{"id":653,"href":"https:\/\/www.cdpamistad.com\/index.php\/wp-json\/wp\/v2\/pages\/130\/revisions\/653"}],"wp:attachment":[{"href":"https:\/\/www.cdpamistad.com\/index.php\/wp-json\/wp\/v2\/media?parent=130"}],"curies":[{"name":"wp","href":"https:\/\/api.w.org\/{rel}","templated":true}]}}